{"id":24,"date":"2019-04-18T11:08:43","date_gmt":"2019-04-18T11:08:43","guid":{"rendered":"https:\/\/envothemes.com\/envo-ecommerce\/product\/import-placeholder-for-61\/"},"modified":"2020-11-27T17:06:08","modified_gmt":"2020-11-27T17:06:08","slug":"qrcodes","status":"publish","type":"product","link":"https:\/\/letrasiconicas.pt\/loja\/produto\/qrcodes\/","title":{"rendered":"QR Code Personalisado"},"content":{"rendered":"<p>Alum\u00ednio personalizado tag de rastreamento de ativos com c\u00f3digo de barras ou c\u00f3digo QR, impress\u00e3o de\u00a0 etiquetas de c\u00f3digo de barras<\/p>\n","protected":false},"excerpt":{"rendered":"<p>Apenas precisa indicar-nos o que pretende codificar, n\u00f3s fazemos o resto<\/p>\n","protected":false},"featured_media":558,"comment_status":"open","ping_status":"closed","template":"","meta":{"kt_blocks_editor_width":"","spay_email":""},"kb_featured_image_src_large":["https:\/\/letrasiconicas.pt\/loja\/wp-content\/uploads\/2019\/04\/qrcode_003.jpg",277,182,false],"kb_author_info":[],"kb_comment_info":0,"_links":{"self":[{"href":"https:\/\/letrasiconicas.pt\/loja\/wp-json\/wp\/v2\/product\/24"}],"collection":[{"href":"https:\/\/letrasiconicas.pt\/loja\/wp-json\/wp\/v2\/product"}],"about":[{"href":"https:\/\/letrasiconicas.pt\/loja\/wp-json\/wp\/v2\/types\/product"}],"replies":[{"embeddable":true,"href":"https:\/\/letrasiconicas.pt\/loja\/wp-json\/wp\/v2\/comments?post=24"}],"wp:featuredmedia":[{"embeddable":true,"href":"https:\/\/letrasiconicas.pt\/loja\/wp-json\/wp\/v2\/media\/558"}],"wp:attachment":[{"href":"https:\/\/letrasiconicas.pt\/loja\/wp-json\/wp\/v2\/media?parent=24"}],"curies":[{"name":"wp","href":"https:\/\/api.w.org\/{rel}","templated":true}]}}